{"id":174,"date":"2018-06-19T13:53:16","date_gmt":"2018-06-19T13:53:16","guid":{"rendered":"https:\/\/hudsonpaint.vn\/product\/farm-fresh-eggs\/"},"modified":"2023-07-18T10:06:42","modified_gmt":"2023-07-18T10:06:42","slug":"hudson-primer-sealer","status":"publish","type":"product","link":"https:\/\/hudsonpaint.vn\/vi\/san-pham\/hudson-primer-sealer\/","title":{"rendered":"S\u01a1n L\u00f3t Hudson Primer"},"content":{"rendered":"<p><strong>S\u01a1n L\u00f3t Hudson Primer<\/strong> l\u00e0 lo\u1ea1i s\u01a1n l\u00f3t \u0111a n\u0103ng \u0111a b\u1ec1 m\u1eb7t v\u1edbi \u0111\u1eb7c t\u00ednh nhanh kh\u00f4, kh\u1ea3 n\u0103ng b\u00e1m d\u00ednh tuy\u1ec7t v\u1eddi, kh\u1ea3 n\u0103ng b\u1ecbt k\u00edn v\u00e0 ch\u1ed1ng n\u1ea5m m\u1ed1c \u0111\u1ec3 l\u1ea5p k\u00edn b\u1ec1 m\u1eb7t m\u1edbi l\u1eabn b\u1ec1 m\u1eb7t c\u0169 \u0111\u00e3 \u0111\u01b0\u1ee3c s\u01a1n qua. V\u1edbi t\u00ednh n\u0103ng l\u00e0m \u1ea9n cao c\u1ea5p gi\u00fap s\u1ea3n ph\u1ea9m tr\u1edf n\u00ean l\u00fd t\u01b0\u1edfng \u0111\u1ec3 thay \u0111\u1ed5i m\u00e0u s\u1eafc v\u00e0 gi\u00fap gi\u1ea3m s\u1ed1 l\u01b0\u1ee3ng l\u1edbp ph\u1ee7 c\u1ea7n thi\u1ebft.<\/p>\n<table>\n<tbody>\n<tr>\n<td colspan=\"6\"><b>PROPERTIES<\/b><\/td>\n<\/tr>\n<tr>\n<td colspan=\"6\"><b>Appearance\/Finish<\/b><span style=\"font-weight: 400;\">:<\/span><span style=\"font-weight: 400;\"><br \/>\n<\/span><span style=\"font-weight: 400;\">Flat<\/span><\/td>\n<\/tr>\n<tr>\n<td colspan=\"6\"><b>Color:<\/b><\/p>\n<p><span style=\"font-weight: 400;\">White<\/span><\/td>\n<\/tr>\n<tr>\n<td colspan=\"6\"><b>Practical Coverage:<\/b><\/p>\n<p><span style=\"font-weight: 400;\">Porous Substrate\/1L \/ Coat: 9\u201312.5 sq. m.<\/span><\/p>\n<p><span style=\"font-weight: 400;\">Non-porous Substrate\/1L\/coat: 9\u201312.5 sq. m.<\/span><\/td>\n<\/tr>\n<tr>\n<td colspan=\"6\"><b>VOC:<\/b><\/p>\n<p><span style=\"font-weight: 400;\">&lt; 20 grams per Liter (g\/L)<\/span><\/td>\n<\/tr>\n<tr>\n<td colspan=\"6\"><b>Drying Time at 28\u00b0C:<\/b><\/p>\n<p><span style=\"font-weight: 400;\">Touch dry within 30 minutes, recoat in 2 to 4 hours.<\/span><\/td>\n<\/tr>\n<tr>\n<td colspan=\"6\"><b>Pack Sizes:<\/b><\/p>\n<p><span style=\"font-weight: 400;\">16 Liters and 5 Liters<\/span><\/td>\n<\/tr>\n<tr>\n<td colspan=\"6\"><b>Shelf Life:<\/b><\/p>\n<p><span style=\"font-weight: 400;\">3 years when stored in dry and cool condition.<\/span><\/td>\n<\/tr>\n<tr>\n<td colspan=\"6\"><b>USES AND APPLICATION<\/b><\/td>\n<\/tr>\n<tr>\n<td colspan=\"6\"><span style=\"font-weight: 400;\">Hudson water-based paints include a variety of products which are all 100% pure acrylic with excellent resistance to alkali, water, fungus, humidity and mildew growth. Highly recommended for interior and exterior surface application such as masonry, brick, plaster, gypsum board, acoustic board, bagasse board and properly primed wood and metal surface.<\/span><\/td>\n<\/tr>\n<tr>\n<td colspan=\"6\"><b>APPLICATION<\/b><\/td>\n<\/tr>\n<tr>\n<td colspan=\"6\"><span style=\"font-weight: 400;\">Apply by brush, roller, or spray<\/span><\/td>\n<\/tr>\n<tr>\n<td colspan=\"6\"><b>Mixing direction<\/b><span style=\"font-weight: 400;\">: Stir well before use<\/span><\/td>\n<\/tr>\n<tr>\n<td colspan=\"6\"><b>Reduction: <\/b><span style=\"font-weight: 400;\">For sealing new or bare surfaces, reduce with not more than 1 part clean water per 5 parts of paint (1:5)<\/span><\/td>\n<\/tr>\n<tr>\n<td colspan=\"6\"><b>Tinting: <\/b><span style=\"font-weight: 400;\">HUDSON ACRYLIC TINTING COLORS<\/span><\/td>\n<\/tr>\n<tr>\n<td colspan=\"6\"><b>Thinning: <\/b><span style=\"font-weight: 400;\">Use water (not normally recommended). 10% clean water for spray application<\/span><\/td>\n<\/tr>\n<tr>\n<td colspan=\"6\"><b>Cleaning: <\/b><span style=\"font-weight: 400;\">Water<\/span><\/td>\n<\/tr>\n<\/tbody>\n<\/table>","protected":false},"excerpt":{"rendered":"<p><strong>S\u01a1n L\u00f3t Hudson Primer<\/strong> l\u00e0 lo\u1ea1i s\u01a1n l\u00f3t \u0111a n\u0103ng \u0111a b\u1ec1 m\u1eb7t v\u1edbi \u0111\u1eb7c t\u00ednh nhanh kh\u00f4, kh\u1ea3 n\u0103ng b\u00e1m d\u00ednh tuy\u1ec7t v\u1eddi, kh\u1ea3 n\u0103ng b\u1ecbt k\u00edn v\u00e0 ch\u1ed1ng n\u1ea5m m\u1ed1c \u0111\u1ec3 l\u1ea5p k\u00edn b\u1ec1 m\u1eb7t m\u1edbi l\u1eabn b\u1ec1 m\u1eb7t c\u0169 \u0111\u00e3 \u0111\u01b0\u1ee3c s\u01a1n qua. V\u1edbi t\u00ednh n\u0103ng l\u00e0m \u1ea9n cao c\u1ea5p gi\u00fap s\u1ea3n ph\u1ea9m tr\u1edf n\u00ean l\u00fd t\u01b0\u1edfng \u0111\u1ec3 thay \u0111\u1ed5i m\u00e0u s\u1eafc v\u00e0 gi\u00fap gi\u1ea3m s\u1ed1 l\u01b0\u1ee3ng l\u1edbp ph\u1ee7 c\u1ea7n thi\u1ebft.<\/p>\n<p>C\u00f3 s\u1eb5n lo\u1ea1i\u00a0<strong>16Liters<\/strong> &amp;\u00a0<strong>5Liters:<\/strong><\/p>\n<ul>\n<li><strong>H4000<\/strong> &#8211; Hudson Primer Sealer White<\/li>\n<\/ul>","protected":false},"featured_media":5280,"template":"","meta":{"site-sidebar-layout":"default","site-content-layout":"default","ast-site-content-layout":"","site-content-style":"default","site-sidebar-style":"default","ast-global-header-display":"","ast-banner-title-visibility":"","ast-main-header-display":"","ast-hfb-above-header-display":"","ast-hfb-below-header-display":"","ast-hfb-mobile-header-display":"","site-post-title":"","ast-breadcrumbs-content":"","ast-featured-img":"","footer-sml-layout":"","theme-transparent-header-meta":"default","adv-header-id-meta":"","stick-header-meta":"","header-above-stick-meta":"","header-main-stick-meta":"","header-below-stick-meta":"","astra-migrate-meta-layouts":"default","ast-page-background-enabled":"default","ast-page-background-meta":{"desktop":{"background-color":"","background-image":"","background-repeat":"repeat","background-position":"center center","background-size":"auto","background-attachment":"scroll","background-type":"","background-media":"","overlay-type":"","overlay-color":"","overlay-opacity":"","overlay-gradient":""},"tablet":{"background-color":"","background-image":"","background-repeat":"repeat","background-position":"center center","background-size":"auto","background-attachment":"scroll","background-type":"","background-media":"","overlay-type":"","overlay-color":"","overlay-opacity":"","overlay-gradient":""},"mobile":{"background-color":"","background-image":"","background-repeat":"repeat","background-position":"center center","background-size":"auto","background-attachment":"scroll","background-type":"","background-media":"","overlay-type":"","overlay-color":"","overlay-opacity":"","overlay-gradient":""}},"ast-content-background-meta":{"desktop":{"background-color":"var(--ast-global-color-5)","background-image":"","background-repeat":"repeat","background-position":"center center","background-size":"auto","background-attachment":"scroll","background-type":"","background-media":"","overlay-type":"","overlay-color":"","overlay-opacity":"","overlay-gradient":""},"tablet":{"background-color":"var(--ast-global-color-5)","background-image":"","background-repeat":"repeat","background-position":"center center","background-size":"auto","background-attachment":"scroll","background-type":"","background-media":"","overlay-type":"","overlay-color":"","overlay-opacity":"","overlay-gradient":""},"mobile":{"background-color":"var(--ast-global-color-5)","background-image":"","background-repeat":"repeat","background-position":"center center","background-size":"auto","background-attachment":"scroll","background-type":"","background-media":"","overlay-type":"","overlay-color":"","overlay-opacity":"","overlay-gradient":""}}},"product_cat":[35,24,23,36],"product_tag":[43,46],"class_list":{"0":"post-174","1":"product","2":"type-product","3":"status-publish","4":"has-post-thumbnail","6":"product_cat-architectural-coating","7":"product_cat-automotive-finish-and-marine-paints","8":"product_cat-industrial-coating","9":"product_cat-paint-solution","10":"product_tag-flat","11":"product_tag-primer-and-sealer","12":"desktop-align-center","13":"tablet-align-center","14":"mobile-align-center","16":"first","17":"instock","18":"featured","19":"shipping-taxable","20":"product-type-simple"},"_links":{"self":[{"href":"https:\/\/hudsonpaint.vn\/vi\/wp-json\/wp\/v2\/product\/174"}],"collection":[{"href":"https:\/\/hudsonpaint.vn\/vi\/wp-json\/wp\/v2\/product"}],"about":[{"href":"https:\/\/hudsonpaint.vn\/vi\/wp-json\/wp\/v2\/types\/product"}],"wp:featuredmedia":[{"embeddable":true,"href":"https:\/\/hudsonpaint.vn\/vi\/wp-json\/wp\/v2\/media\/5280"}],"wp:attachment":[{"href":"https:\/\/hudsonpaint.vn\/vi\/wp-json\/wp\/v2\/media?parent=174"}],"wp:term":[{"taxonomy":"product_cat","embeddable":true,"href":"https:\/\/hudsonpaint.vn\/vi\/wp-json\/wp\/v2\/product_cat?post=174"},{"taxonomy":"product_tag","embeddable":true,"href":"https:\/\/hudsonpaint.vn\/vi\/wp-json\/wp\/v2\/product_tag?post=174"}],"curies":[{"name":"wp","href":"https:\/\/api.w.org\/{rel}","templated":true}]}}